{"id":9,"date":"2022-03-03T17:46:24","date_gmt":"2022-03-03T16:46:24","guid":{"rendered":"https:\/\/unilasalleprojets.unilasalle.fr\/?page_id=9"},"modified":"2022-03-08T13:00:12","modified_gmt":"2022-03-08T12:00:12","slug":"presentation-de-la-junior","status":"publish","type":"page","link":"https:\/\/unilasalleprojets.unilasalle.fr\/","title":{"rendered":"Pr\u00e9sentation de la Junior"},"content":{"rendered":"\n<p><em>UP est la Junior-Initiative de UniLaSalle Beauvais. Cette association \u00e0 but non lucratif (loi 1901)a \u00e9t\u00e9 cr\u00e9\u00e9e il y a 39 ans. Son mode de fonctionnement est bas\u00e9 sur la vente d\u2019\u00e9tudes \u00e0 des entreprises. L\u2019offre propos\u00e9e par la junior est en rapport avec les formations d\u2019Unilasalle. Les valeurs de cette association sont: coh\u00e9sion, dynamisme, professionnalisme.<\/em><\/p>\n\n\n\n<figure class=\"wp-block-image size-large\"><img loading=\"lazy\" decoding=\"async\" width=\"1024\" height=\"546\" src=\"https:\/\/unilasalleprojets.unilasalle.fr\/wp-content\/uploads\/presentation-UP-1024x546.png\" alt=\"\" class=\"wp-image-38\" srcset=\"https:\/\/unilasalleprojets.unilasalle.fr\/wp-content\/uploads\/presentation-UP-1024x546.png 1024w, https:\/\/unilasalleprojets.unilasalle.fr\/wp-content\/uploads\/presentation-UP-300x160.png 300w, https:\/\/unilasalleprojets.unilasalle.fr\/wp-content\/uploads\/presentation-UP-768x409.png 768w, https:\/\/unilasalleprojets.unilasalle.fr\/wp-content\/uploads\/presentation-UP.png 1193w\" sizes=\"auto, (max-width: 1024px) 100vw, 1024px\" \/><\/figure>\n","protected":false},"excerpt":{"rendered":"<p>UP est la Junior-Initiative de UniLaSalle Beauvais. Cette association \u00e0 but non lucratif (loi 1901)a \u00e9t\u00e9 cr\u00e9\u00e9e il y a 39 ans. Son mode de fonctionnement est bas\u00e9 sur la vente d\u2019\u00e9tudes \u00e0 des entreprises. L\u2019offre propos\u00e9e par la junior est en rapport avec les formations d\u2019Unilasalle. Les valeurs de cette association sont: coh\u00e9sion, dynamisme, [&hellip;]<\/p>\n","protected":false},"author":1,"featured_media":0,"parent":0,"menu_order":1,"comment_status":"closed","ping_status":"closed","template":"","meta":{"footnotes":""},"class_list":["post-9","page","type-page","status-publish","hentry"],"aioseo_notices":[],"_links":{"self":[{"href":"https:\/\/unilasalleprojets.unilasalle.fr\/index.php\/wp-json\/wp\/v2\/pages\/9","targetHints":{"allow":["GET"]}}],"collection":[{"href":"https:\/\/unilasalleprojets.unilasalle.fr\/index.php\/wp-json\/wp\/v2\/pages"}],"about":[{"href":"https:\/\/unilasalleprojets.unilasalle.fr\/index.php\/wp-json\/wp\/v2\/types\/page"}],"author":[{"embeddable":true,"href":"https:\/\/unilasalleprojets.unilasalle.fr\/index.php\/wp-json\/wp\/v2\/users\/1"}],"replies":[{"embeddable":true,"href":"https:\/\/unilasalleprojets.unilasalle.fr\/index.php\/wp-json\/wp\/v2\/comments?post=9"}],"version-history":[{"count":10,"href":"https:\/\/unilasalleprojets.unilasalle.fr\/index.php\/wp-json\/wp\/v2\/pages\/9\/revisions"}],"predecessor-version":[{"id":91,"href":"https:\/\/unilasalleprojets.unilasalle.fr\/index.php\/wp-json\/wp\/v2\/pages\/9\/revisions\/91"}],"wp:attachment":[{"href":"https:\/\/unilasalleprojets.unilasalle.fr\/index.php\/wp-json\/wp\/v2\/media?parent=9"}],"curies":[{"name":"wp","href":"https:\/\/api.w.org\/{rel}","templated":true}]}}